{"id":3060,"date":"2024-07-03T11:51:08","date_gmt":"2024-07-03T09:51:08","guid":{"rendered":"https:\/\/wadl.digital\/start\/"},"modified":"2025-07-28T16:56:52","modified_gmt":"2025-07-28T14:56:52","slug":"start","status":"publish","type":"page","link":"https:\/\/wadl.digital\/en\/","title":{"rendered":"Start"},"content":{"rendered":"\n<div class=\"wp-block-group alignfull has-global-padding is-layout-constrained wp-block-group-is-layout-constrained\" id=\"panels-container\">\n<div class=\"wp-block-columns alignfull has-background is-layout-flex wp-container-core-columns-is-layout-28f84493 wp-block-columns-is-layout-flex\" style=\"background-color:#000000\">\n<div class=\"wp-block-column is-vertically-aligned-stretch is-layout-flow wp-block-column-is-layout-flow\" style=\"background-image:url(https:\/\/plattform.digital\/wp-content\/uploads\/2024\/10\/copy_8347A612-AAF5-4E5C-8DA0-D042B42992EB.gif);background-position:center center;background-repeat:no-repeat;background-size:cover;background-attachment:scroll\">\n<img decoding=\"async\" id=\"start-logo\" width=\"100%\" src=\"https:\/\/plattform.digital\/wp-content\/uploads\/2025\/02\/Wadl_und_Prtnr_New_Website_Logo.svg\" alt=\"Logo Wadl &amp; Prtnr.\">\n<\/div>\n<\/div>\n\n\n\n<div class=\"wp-block-columns is-layout-flex wp-container-core-columns-is-layout-28f84493 wp-block-columns-is-layout-flex\">\n<div class=\"wp-block-column is-vertically-aligned-stretch has-base-2-color has-text-color has-background has-link-color wp-elements-7036b98b6b0fc2e9dfd62d876d1098b7 is-layout-flow wp-block-column-is-layout-flow\" style=\"background-color:#000000;background-image:url(https:\/\/plattform.digital\/wp-content\/uploads\/2025\/07\/Strategie_001_Eepertise_komprimiert.jpg);background-position:center center;background-repeat:no-repeat;background-size:cover;background-attachment:scroll\">\n<div class=\"wp-block-group has-global-padding is-content-justification-left is-layout-constrained wp-container-core-group-is-layout-12dd3699 wp-block-group-is-layout-constrained\">\n<h2 class=\"wp-block-heading has-base-2-color has-text-color has-link-color wp-elements-4b0456cdc416aad81775a8063664e771\">Strategy<\/h2>\n\n\n\n<div style=\"height:30px\" aria-hidden=\"true\" class=\"wp-block-spacer\"><\/div>\n\n\n\n<h3 class=\"wp-block-heading has-base-2-color has-text-color has-link-color wp-elements-dc84e5937babd9bc6af346568e02bd54\"><\/h3>\n<\/div>\n\n\n\n<div class=\"wp-block-group flexbottom has-global-padding is-content-justification-left is-layout-constrained wp-container-core-group-is-layout-12dd3699 wp-block-group-is-layout-constrained\">\n<p class=\"has-base-2-color has-text-color has-link-color has-large-font-size wp-elements-6d9825b76cc4a418ea6c961a1920fb9d\">Strategie &#8211; digitale Produkte zugeschnitten auf Ihre Anforderungen<\/p>\n\n\n\n<div style=\"height:35px\" aria-hidden=\"true\" class=\"wp-block-spacer\"><\/div>\n\n\n\n<p class=\"has-base-2-color has-text-color has-link-color wp-elements-85e886e67dcd33048e25c3f28b06b02e\">Unser Team vereint Know-how aus&nbsp;Design, Softwareentwicklung,&nbsp;Produkt- und Plattform-Strategie.<\/p>\n\n\n\n<div style=\"height:20px\" aria-hidden=\"true\" class=\"wp-block-spacer\"><\/div>\n\n\n\n<p class=\"has-base-2-color has-text-color has-link-color wp-elements-b255b0a6cf54450946e98ff69f12b8cd\">Individuelle L\u00f6sungen: Kein Projekt ist wie das andere \u2013 wir liefern ma\u00dfgeschneiderte Produkte, die genau auf Ihre Anforderungen zugeschnitten sind. Dabei gehen wir stets flexibel und innovativ auf Ihre W\u00fcnsche ein, um L\u00f6sungen zu entwickeln, die perfekt in Ihre digitale Strategie passen.<\/p>\n\n\n\n<div style=\"height:20px\" aria-hidden=\"true\" class=\"wp-block-spacer\"><\/div>\n\n\n\n<p class=\"has-base-2-color has-text-color has-link-color wp-elements-14447e2369ff662f18b41df0995fd1cf\"><strong><em>Durchdachte digitale L\u00f6sungen basieren auf einem klaren Verst\u00e4ndnis f\u00fcr Zielgruppen, Anforderungen und Ziele.<\/em><\/strong><\/p>\n<\/div>\n<\/div>\n<\/div>\n\n\n\n<div class=\"wp-block-columns is-layout-flex wp-container-core-columns-is-layout-28f84493 wp-block-columns-is-layout-flex\">\n<div class=\"wp-block-column is-vertically-aligned-stretch has-base-2-color has-text-color has-background has-link-color wp-elements-7887f92a1200f852b61ac7c36d663086 is-layout-flow wp-block-column-is-layout-flow\" style=\"background-color:#000000;background-image:url(https:\/\/plattform.digital\/wp-content\/uploads\/2025\/05\/copy_8347A612-AAF5-4E5C-8DA0-D042B42992EB-1_komprimiert.gif);background-position:center center;background-repeat:no-repeat;background-size:cover;background-attachment:scroll\">\n<div class=\"wp-block-group has-global-padding is-content-justification-left is-layout-constrained wp-container-core-group-is-layout-12dd3699 wp-block-group-is-layout-constrained\">\n<h2 class=\"wp-block-heading has-base-2-color has-text-color has-link-color wp-elements-c33fc48cb9ff8fe81d3cf50b6c57eb74\">Technologie<\/h2>\n\n\n\n<div style=\"height:30px\" aria-hidden=\"true\" class=\"wp-block-spacer\"><\/div>\n\n\n\n<h3 class=\"wp-block-heading has-base-2-color has-text-color has-link-color wp-elements-dc84e5937babd9bc6af346568e02bd54\"><\/h3>\n<\/div>\n\n\n\n<div class=\"wp-block-group flexbottom has-global-padding is-content-justification-left is-layout-constrained wp-container-core-group-is-layout-12dd3699 wp-block-group-is-layout-constrained\">\n<p class=\"has-base-2-color has-text-color has-link-color has-large-font-size wp-elements-01b17040470f9b23154ce4058f2cce41\">Technologie<strong> <\/strong>&#8211; stabil, skalierbar<strong>&nbsp;<\/strong>und zukunftssicher<\/p>\n\n\n\n<p class=\"has-base-2-color has-text-color has-link-color has-large-font-size wp-elements-be2c9a2144755a36c41fa55af6c1a5d7\"><\/p>\n\n\n\n<div style=\"height:35px\" aria-hidden=\"true\" class=\"wp-block-spacer\"><\/div>\n\n\n\n<p class=\"has-base-2-color has-text-color has-link-color wp-elements-c30e3334ca69e8f9082a01f66986191f\">Hinter jedem makellosen Interface steht ein starker technischer Kern. Unser&nbsp;Entwicklerteam nutzt modernste&nbsp;Technologien und bew\u00e4hrte Best Practices, um Softwarel\u00f6sungen zu&nbsp;realisieren, die stabil, skalierbar und zukunftsf\u00e4hig sind. &nbsp;<\/p>\n\n\n\n<div style=\"height:20px\" aria-hidden=\"true\" class=\"wp-block-spacer\"><\/div>\n\n\n\n<p class=\"has-base-2-color has-text-color has-link-color wp-elements-5dca21745641b0f81231fbbafe3f20fb\"><strong><em>Wir verbinden technologische Expertise mit einer klaren Vision: Produkte zu entwickeln, die einen echten Mehrwert f\u00fcr Unternehmen und ihre Nutzer generieren.<\/em><\/strong><\/p>\n<\/div>\n<\/div>\n<\/div>\n\n\n\n<div class=\"wp-block-columns is-layout-flex wp-container-core-columns-is-layout-28f84493 wp-block-columns-is-layout-flex\">\n<div class=\"wp-block-column is-vertically-aligned-stretch has-base-2-color has-text-color has-background has-link-color wp-elements-d9ae56758d3d9648b86752642619b60b is-layout-flow wp-block-column-is-layout-flow\" style=\"background-color:#000000;background-image:url(https:\/\/plattform.digital\/wp-content\/uploads\/2025\/07\/Expertise_Technolog_Final_003_02.jpg);background-position:center center;background-repeat:no-repeat;background-size:cover;background-attachment:scroll\">\n<div class=\"wp-block-group has-global-padding is-content-justification-left is-layout-constrained wp-container-core-group-is-layout-12dd3699 wp-block-group-is-layout-constrained\">\n<h2 class=\"wp-block-heading has-base-2-color has-text-color has-link-color wp-elements-9dc7ddc7dbb3a62d4ed1d755ad552c27\">Design<\/h2>\n\n\n\n<div style=\"height:30px\" aria-hidden=\"true\" class=\"wp-block-spacer\"><\/div>\n\n\n\n<h3 class=\"wp-block-heading has-base-2-color has-text-color has-link-color wp-elements-dc84e5937babd9bc6af346568e02bd54\"><\/h3>\n<\/div>\n\n\n\n<div class=\"wp-block-group flexbottom has-global-padding is-content-justification-left is-layout-constrained wp-container-core-group-is-layout-12dd3699 wp-block-group-is-layout-constrained\">\n<p class=\"has-base-2-color has-text-color has-link-color has-large-font-size wp-elements-dbb2aa7d7434a6cd7d241c25784d9903\">UI- &amp; UX Design<\/p>\n\n\n\n<div style=\"height:35px\" aria-hidden=\"true\" class=\"wp-block-spacer\"><\/div>\n\n\n\n<p class=\"has-base-2-color has-text-color has-link-color wp-elements-62b17716a204cf352c84f809b633339d\">Wir gestalten digitale Interfaces, die nicht nur \u00e4sthetisch \u00fcberzeugen, sondern Nutzer mit einen UX-Design intuitiv leiten. Mit einem tiefen Verst\u00e4ndnis f\u00fcr die Bed\u00fcrfnisse der User, schaffen wir Erlebnisse, bei denen jedes Pixel einen klaren Zweck erf\u00fcllt &#8211; f\u00fcr Oberfl\u00e4chen, die begeistern und verbinden. <\/p>\n\n\n\n<div style=\"height:20px\" aria-hidden=\"true\" class=\"wp-block-spacer\"><\/div>\n\n\n\n<p class=\"has-base-2-color has-text-color has-link-color wp-elements-32854d3ae819ab95623353c0461a17be\"><strong><em>Dabei folgen wir den Leitprinzip: \u201eGutes Design erkl\u00e4rt sich von selbst\u201c. Dadurch wird es intuitiv,&nbsp;zug\u00e4nglich und nachhaltig.&nbsp;<\/em><\/strong><\/p>\n<\/div>\n<\/div>\n<\/div>\n\n\n\n<div class=\"wp-block-columns is-layout-flex wp-container-core-columns-is-layout-28f84493 wp-block-columns-is-layout-flex\"><div onclick=\"window.location.href='https:\/\/plattform.digital\/start'\" class=\"linked-column wp-block-column is-vertically-aligned-stretch has-base-2-color has-text-color has-background has-link-color wp-elements-efdbbce5ab01ff00925e81434725edef is-layout-flow wp-block-column-is-layout-flow\" style=\"background-color:#0300a2;background-image:url(https:\/\/plattform.digital\/wp-content\/uploads\/2024\/11\/Veraluf_99876.jpg);background-position:center center;background-repeat:no-repeat;background-size:cover;background-attachment:scroll\">\n<div class=\"wp-block-group has-global-padding is-content-justification-left is-layout-constrained wp-container-core-group-is-layout-12dd3699 wp-block-group-is-layout-constrained\">\n<h2 class=\"wp-block-heading has-base-2-color has-text-color has-link-color wp-elements-2dbbcd0556be6c7ca160cb619b9c47ac\"><\/h2>\n\n\n\n<div style=\"height:30px\" aria-hidden=\"true\" class=\"wp-block-spacer\"><\/div>\n\n\n\n<h3 class=\"wp-block-heading has-base-2-color has-text-color has-link-color wp-elements-dc84e5937babd9bc6af346568e02bd54\"><\/h3>\n<\/div>\n\n\n\n<div class=\"wp-block-group flexbottom has-global-padding is-content-justification-left is-layout-constrained wp-container-core-group-is-layout-12dd3699 wp-block-group-is-layout-constrained\">\n<p class=\"has-base-2-color has-text-color has-link-color has-large-font-size wp-elements-be2c9a2144755a36c41fa55af6c1a5d7\"><\/p>\n\n\n\n<p class=\"has-base-2-color has-text-color has-link-color has-large-font-size wp-elements-be2c9a2144755a36c41fa55af6c1a5d7\"><\/p>\n\n\n\n<figure class=\"wp-block-image size-full is-resized\"><img decoding=\"async\" src=\"https:\/\/plattform.digital\/wp-content\/uploads\/2025\/02\/wadl_und_prtnr_plattform_digital_7.svg\" alt=\"\" class=\"wp-image-3239\" style=\"object-fit:contain;width:467px;height:238px\"\/><\/figure>\n<\/div>\n<\/div>\n<\/div>\n\n\n\n<div class=\"wp-block-columns is-layout-flex wp-container-core-columns-is-layout-28f84493 wp-block-columns-is-layout-flex\">\n<div class=\"wp-block-column is-vertically-aligned-stretch has-base-2-color has-text-color has-background has-link-color wp-elements-98296b4b9e5332da06efc0e40997cc49 is-layout-flow wp-block-column-is-layout-flow\" style=\"background-color:#0300a2\">\n<h2 class=\"wp-block-heading has-base-2-color has-text-color has-link-color wp-elements-64993338208d18e9b2ed38466efa81a3\">Anfrage<\/h2>\n\n\n\n<div class=\"wp-block-group flexbottom is-vertical is-layout-flex wp-container-core-group-is-layout-fe9cc265 wp-block-group-is-layout-flex\">\n<p class=\"has-base-2-color has-text-color has-link-color has-medium-font-size wp-elements-7f159d8e734748f57fe63328270da98b\">Ihre unverbindliche Anfrage f\u00fcr ein Digitalisierungs-Projekt<\/p>\n\n\n\n<div style=\"height:0px\" aria-hidden=\"true\" class=\"wp-block-spacer wp-container-content-d64d2fc5\"><\/div>\n\n\n<div id=\"quform-9343dd\" class=\"quform quform-1 quform-theme-hollow quform-support-page-caching\"><form id=\"quform-form-9343dd\" class=\"quform-form quform-form-1\" action=\"\/en\/wp-json\/wp\/v2\/pages\/3060#quform-9343dd\" method=\"post\" enctype=\"multipart\/form-data\" novalidate=\"novalidate\" data-options=\"{&quot;id&quot;:1,&quot;uniqueId&quot;:&quot;9343dd&quot;,&quot;theme&quot;:&quot;hollow&quot;,&quot;ajax&quot;:true,&quot;logic&quot;:{&quot;logic&quot;:[],&quot;dependents&quot;:[],&quot;elementIds&quot;:[],&quot;dependentElementIds&quot;:[],&quot;animate&quot;:true},&quot;currentPageId&quot;:1,&quot;errorsIcon&quot;:&quot;&quot;,&quot;updateFancybox&quot;:true,&quot;hasPages&quot;:false,&quot;pages&quot;:[1],&quot;pageProgressType&quot;:&quot;numbers&quot;,&quot;tooltipsEnabled&quot;:true,&quot;tooltipClasses&quot;:&quot;qtip-quform-dark qtip-shadow&quot;,&quot;tooltipMy&quot;:&quot;left center&quot;,&quot;tooltipAt&quot;:&quot;right center&quot;,&quot;isRtl&quot;:false,&quot;scrollOffset&quot;:-50,&quot;scrollSpeed&quot;:800}\"><button class=\"quform-default-submit\" name=\"quform_submit\" type=\"submit\" value=\"submit\" aria-hidden=\"true\" tabindex=\"-1\"><\/button><div class=\"quform-form-inner quform-form-inner-1\"><input type=\"hidden\" name=\"quform_form_id\" value=\"1\" \/><input type=\"hidden\" name=\"quform_form_uid\" value=\"9343dd\" \/><input type=\"hidden\" name=\"quform_count\" value=\"1\" \/><input type=\"hidden\" name=\"form_url\" value=\"https:\/\/wadl.digital\/en\/wp-json\/wp\/v2\/pages\/3060\" \/><input type=\"hidden\" name=\"referring_url\" value=\"\" \/><input type=\"hidden\" name=\"post_id\" value=\"\" \/><input type=\"hidden\" name=\"post_title\" value=\"\" \/><input type=\"hidden\" name=\"quform_current_page_id\" value=\"1\" \/><input type=\"hidden\" name=\"quform_csrf_token\" value=\"l8T6i6oFn0RoucegpBIcqUYcHTSABZ4jTMsIXe0l\" \/><div class=\"quform-elements quform-elements-1 quform-cf quform-responsive-elements-phone-landscape\"><div class=\"quform-element quform-element-page quform-page-1 quform-page-1_1 quform-cf quform-group-style-plain quform-first-page quform-last-page quform-current-page\"><div class=\"quform-child-elements\"><div class=\"quform-element quform-element-select quform-element-1_3 quform-cf quform-element-required\"><div class=\"quform-spacer\"><div class=\"quform-label quform-label-1_3\"><label class=\"quform-label-text\" for=\"quform_1_3_9343dd\">Anfrage<span class=\"quform-required\">*<\/span><\/label><\/div><div class=\"quform-inner quform-inner-select quform-inner-1_3\"><div class=\"quform-input quform-input-select quform-input-1_3 quform-cf\"><select id=\"quform_1_3_9343dd\" name=\"quform_1_3\" class=\"quform-field quform-field-select quform-field-1_3\"><option value=\"Plattform Entwicklung\">Plattform Entwicklung<\/option><option value=\"Front- &amp; Backend Entwicklung\">Front- &amp; Backend Entwicklung<\/option><option value=\"Konzeption &amp; Strategie\">Konzeption &amp; Strategie<\/option><option value=\"UI- &amp; UX Design\">UI- &amp; UX Design<\/option><option value=\"Digitales Produkt \">Digitales Produkt <\/option><option value=\"Service Design\">Service Design<\/option><option value=\"Produkt ReDesign (ReLaunch)\">Produkt ReDesign (ReLaunch)<\/option><option value=\"Hybrid App Entwicklung (PWA)\">Hybrid App Entwicklung (PWA)<\/option><option value=\"iOS- &amp; Android Entwicklung\">iOS- &amp; Android Entwicklung<\/option><option value=\"Software Entwicklung\">Software Entwicklung<\/option><option value=\"API (Interface) Entwicklung\">API (Interface) Entwicklung<\/option><option value=\"Web- &amp; Software Analyse \">Web- &amp; Software Analyse <\/option><option value=\"Dashboard L\u00f6sungen\">Dashboard L\u00f6sungen<\/option><option value=\"Integration von KI\">Integration von KI<\/option><option value=\"Infos zu allen F\u00f6rderungen \">Infos zu allen F\u00f6rderungen <\/option><option value=\"Kulturerbe digital \">Kulturerbe digital <\/option><option value=\"Branding (CI)\">Branding (CI)<\/option><option value=\"Prototyping\">Prototyping<\/option><\/select><\/div><\/div><\/div><\/div><div class=\"quform-element quform-element-text quform-element-1_6 quform-cf quform-labels-inside quform-element-required\"><div class=\"quform-spacer\"><div class=\"quform-label quform-label-1_6\"><label class=\"quform-label-text\" for=\"quform_1_6_9343dd\">Name<span class=\"quform-required\">*<\/span><\/label><\/div><div class=\"quform-inner quform-inner-text quform-inner-1_6\"><div class=\"quform-input quform-input-text quform-input-1_6 quform-cf\"><input type=\"text\" id=\"quform_1_6_9343dd\" name=\"quform_1_6\" class=\"quform-field quform-field-text quform-field-1_6\" placeholder=\"Name\" \/><\/div><\/div><\/div><\/div><div class=\"quform-element quform-element-email quform-element-1_5 quform-cf quform-labels-inside quform-element-required\"><div class=\"quform-spacer\"><div class=\"quform-label quform-label-1_5\"><label class=\"quform-label-text\" for=\"quform_1_5_9343dd\">E-Mail-Adresse<span class=\"quform-required\">*<\/span><\/label><\/div><div class=\"quform-inner quform-inner-email quform-inner-1_5\"><div class=\"quform-input quform-input-email quform-input-1_5 quform-cf\"><input type=\"email\" id=\"quform_1_5_9343dd\" name=\"quform_1_5\" class=\"quform-field quform-field-email quform-field-1_5\" placeholder=\"E-Mail-Adresse\" \/><\/div><\/div><\/div><\/div><div class=\"quform-element quform-element-textarea quform-element-1_7 quform-cf quform-labels-inside quform-element-required\"><div class=\"quform-spacer\"><div class=\"quform-label quform-label-1_7\"><label class=\"quform-label-text\" for=\"quform_1_7_9343dd\">Nachricht<span class=\"quform-required\">*<\/span><\/label><\/div><div class=\"quform-inner quform-inner-textarea quform-inner-1_7\"><div class=\"quform-input quform-input-textarea quform-input-1_7 quform-cf\"><textarea id=\"quform_1_7_9343dd\" name=\"quform_1_7\" class=\"quform-field quform-field-textarea quform-field-1_7\" placeholder=\"Nachricht\"><\/textarea><\/div><\/div><\/div><\/div><div class=\"quform-element quform-element-checkbox quform-element-1_4 quform-cf quform-element-required pretty p-default\"><div class=\"quform-spacer\"><div class=\"quform-label quform-label-1_4\"><label class=\"quform-label-text\" id=\"quform_1_4_9343dd_label\">Datenschutz<span class=\"quform-required\">*<\/span><\/label><\/div><div class=\"quform-inner quform-inner-checkbox quform-inner-1_4\"><div class=\"quform-input quform-input-checkbox quform-input-1_4 quform-cf\"><div class=\"quform-options quform-cf quform-options-block quform-options-simple\" role=\"group\" aria-labelledby=\"quform_1_4_9343dd_label\"><div class=\"quform-option\"><input type=\"checkbox\" name=\"quform_1_4[]\" id=\"quform_1_4_9343dd_1\" class=\"quform-field quform-field-checkbox quform-field-1_4 quform-field-1_4_1\" value=\"Ich bin damit einverstanden, dass meine Daten gespeichert und verarbeitet werden.\" \/><label for=\"quform_1_4_9343dd_1\" class=\"quform-option-label quform-option-label-1_4_1\"><span class=\"quform-option-text\">Ich bin damit einverstanden, dass meine Daten gespeichert und verarbeitet werden.<\/span><\/label><\/div><\/div><\/div><p class=\"quform-description quform-description-below\"><a href=\"#\">Datenschutzerkl\u00e4rung<\/a><\/p><\/div><\/div><\/div><div class=\"quform-element quform-element-submit quform-element-1_2 quform-cf quform-button-style-theme\"><div class=\"quform-button-submit quform-button-submit-default quform-button-submit-1_2\"><button name=\"quform_submit\" type=\"submit\" class=\"quform-submit\" value=\"submit\"><span class=\"quform-button-text quform-button-submit-text\">Anfrage senden<\/span><\/button><\/div><div class=\"quform-loading quform-loading-position-left quform-loading-type-spinner-1\"><div class=\"quform-loading-inner\"><div class=\"quform-loading-spinner\"><div class=\"quform-loading-spinner-inner\"><\/div><\/div><\/div><\/div><\/div><div class=\"quform-element-tree\"><label for=\"quform_1_0_9343dd\">This field should be left blank<\/label><input type=\"text\" id=\"quform_1_0_9343dd\" name=\"quform_1_0\" class=\"quform-field quform-field-tree quform-field-1_0\" tabindex=\"-1\" autocomplete=\"off\" \/><\/div><\/div><\/div><\/div><\/div><\/form><\/div>\n<\/div>\n<\/div>\n<\/div>\n\n\n\n<div class=\"wp-block-columns are-vertically-aligned-bottom is-layout-flex wp-container-core-columns-is-layout-28f84493 wp-block-columns-is-layout-flex\" id=\"end\">\n<div class=\"wp-block-column is-vertically-aligned-bottom is-layout-flow wp-block-column-is-layout-flow\">\n<figure class=\"wp-block-image size-large is-resized hover-plattform\"><a href=\"#\"><img decoding=\"async\" src=\"https:\/\/plattform.digital\/wp-content\/uploads\/2024\/07\/P_Plattform_150x150px_Animation.svg\" alt=\"\" class=\"wp-image-50\" style=\"object-fit:cover;width:150px;height:150px\"\/><\/a><\/figure>\n<\/div>\n<\/div>\n<\/div>\n","protected":false},"excerpt":{"rendered":"<p>Strategy Strategie &#8211; digitale Produkte zugeschnitten auf Ihre Anforderungen Unser Team vereint Know-how aus&nbsp;Design, Softwareentwicklung,&nbsp;Produkt- und Plattform-Strategie. Individuelle L\u00f6sungen: Kein Projekt ist wie das andere \u2013 wir liefern ma\u00dfgeschneiderte Produkte, die genau auf Ihre Anforderungen zugeschnitten sind. Dabei gehen wir stets flexibel und innovativ auf Ihre W\u00fcnsche ein, um L\u00f6sungen zu entwickeln, die perfekt in [&hellip;]<\/p>\n","protected":false},"author":1,"featured_media":0,"parent":0,"menu_order":0,"comment_status":"closed","ping_status":"closed","template":"","meta":{"inline_featured_image":false,"footnotes":""},"class_list":["post-3060","page","type-page","status-publish","hentry"],"_links":{"self":[{"href":"https:\/\/wadl.digital\/en\/wp-json\/wp\/v2\/pages\/3060","targetHints":{"allow":["GET"]}}],"collection":[{"href":"https:\/\/wadl.digital\/en\/wp-json\/wp\/v2\/pages"}],"about":[{"href":"https:\/\/wadl.digital\/en\/wp-json\/wp\/v2\/types\/page"}],"author":[{"embeddable":true,"href":"https:\/\/wadl.digital\/en\/wp-json\/wp\/v2\/users\/1"}],"replies":[{"embeddable":true,"href":"https:\/\/wadl.digital\/en\/wp-json\/wp\/v2\/comments?post=3060"}],"version-history":[{"count":91,"href":"https:\/\/wadl.digital\/en\/wp-json\/wp\/v2\/pages\/3060\/revisions"}],"predecessor-version":[{"id":4220,"href":"https:\/\/wadl.digital\/en\/wp-json\/wp\/v2\/pages\/3060\/revisions\/4220"}],"wp:attachment":[{"href":"https:\/\/wadl.digital\/en\/wp-json\/wp\/v2\/media?parent=3060"}],"curies":[{"name":"wp","href":"https:\/\/api.w.org\/{rel}","templated":true}]}}